{"id":12,"date":"2013-01-31T18:31:44","date_gmt":"2013-01-31T18:31:44","guid":{"rendered":"http:\/\/192.168.18.26\/meimm\/wp\/?page_id=12"},"modified":"2022-01-06T18:57:53","modified_gmt":"2022-01-06T18:57:53","slug":"presentazione","status":"publish","type":"page","link":"https:\/\/meimm.uniurb.it\/?page_id=12","title":{"rendered":"Presentazione"},"content":{"rendered":"<p style=\"text-align: justify;\">Il laboratorio etnologico nasce dalla constatazione che gli studi storici e antropologici sul Mozambico, a causa di retaggi coloniali e barriere linguistiche, spesso non vengono comparati o\/e integrati con quelli relativi ad altri paesi africani contigui che con il Mozambico hanno intrattenuto contatti culturali da lungo tempo. Paesi come l&#8217;attuale Zambia e Malawi condividono molte tradizioni culturali con il nord del Mozambico che per\u00f2 speso non sono state comparate perch\u00e9 gli studiosi che le avevano osservate appartenevano a tradizioni di studi differenti. I venti monsonici hanno permesso continui contatti e scambi culturali tra il Mozambico e il resto della costa orientale dell&#8217;Africa cos\u00ec come con la penisola arabica e la penisola indiana. Uno degli indici degli intensi rapporti intercorsi con l&#8217;Africa orientale \u00e8 che anche sulle coste settentrionali del Mozambico si parla il Swahili e suoi dialetti.<\/p>\n<p style=\"text-align: justify;\"><img loading=\"lazy\" decoding=\"async\" class=\"alignnone size-full wp-image-15\" src=\"http:\/\/meimm.uniurb.it\/wp-content\/uploads\/2013\/01\/nave_che_parte-1.jpg\" alt=\"nave_che_parte\" width=\"220\" height=\"170\" \/> <img loading=\"lazy\" decoding=\"async\" class=\"alignnone size-full wp-image-16\" src=\"http:\/\/meimm.uniurb.it\/wp-content\/uploads\/2013\/01\/Sulla_spiaggia-1.jpg\" alt=\"Sulla_spiaggia\" width=\"220\" height=\"170\" \/><\/p>\n<p style=\"text-align: justify;\">Il progetto si propone, attraverso l&#8217;interazione tra ricercatori e docenti che lavorano sui o nei paesi coinvolti, di offrire un ponte tra diversi paesi che si affacciano sull&#8217;Oceano Indiano, a partire dal Mozambico e dai Paesi ad esso adiacenti.<\/p>\n<hr \/>\n<p><b>MEIMM \u00e8 un progetto:<\/b><\/p>\n<p style=\"text-align: justify;\">coordinato dal Corso di Antropologia della Facolt\u00e0 di Scienze Politiche dell&#8217;Universit\u00e0 di Urbino &#8220;Carlo Bo&#8221;<\/p>\n<p>in collaborazione con:<\/p>\n<p>l&#8217;Universit\u00e0 Eduardo Mondlane di Maputo e l&#8217;ARPAC<br \/>\n(Instituto de Investiga\u00e7\u00e3o Socio-Cultural)<\/p>\n<p>finanziato dal:<\/p>\n<p>Ministero degli Affari Esteri &#8211; Direzione Generale per la Promozione<br \/>\ne la Cooperazione Culturale (DGPCC)<\/p>\n<p>con il contributo del:<\/p>\n<p>&#8211; Corso di Antropologia Culturale della Facolt\u00e0 di Scienze Politiche dell&#8217;Universit\u00e0 di Urbino &#8220;Carlo Bo&#8221;<br \/>\n&#8211; Istituto Storico-Politico dell&#8217;Universit\u00e0 di Urbino &#8220;Carlo Bo&#8221;<br \/>\n&#8211; ARPAC (Instituto de Investiga\u00e7\u00e3o Socio-Cultural) &#8211; Mo\u00e7ambique<br \/>\n&#8211; GVC (Gruppo Volontariato Civile) &#8211; Mozambico<\/p>\n","protected":false},"excerpt":{"rendered":"<p>Il laboratorio etnologico nasce dalla constatazione che gli studi storici e antropologici sul Mozambico, a causa di retaggi coloniali e barriere linguistiche, spesso non vengono comparati o\/e integrati con quelli relativi ad altri paesi africani contigui che con il Mozambico hanno intrattenuto contatti culturali da lungo tempo. Paesi come l&#8217;attuale Zambia e Malawi condividono molte [&hellip;]<\/p>\n","protected":false},"author":1,"featured_media":0,"parent":0,"menu_order":1,"comment_status":"closed","ping_status":"closed","template":"","meta":{"footnotes":""},"class_list":["post-12","page","type-page","status-publish","hentry"],"_links":{"self":[{"href":"https:\/\/meimm.uniurb.it\/index.php?rest_route=\/wp\/v2\/pages\/12","targetHints":{"allow":["GET"]}}],"collection":[{"href":"https:\/\/meimm.uniurb.it\/index.php?rest_route=\/wp\/v2\/pages"}],"about":[{"href":"https:\/\/meimm.uniurb.it\/index.php?rest_route=\/wp\/v2\/types\/page"}],"author":[{"embeddable":true,"href":"https:\/\/meimm.uniurb.it\/index.php?rest_route=\/wp\/v2\/users\/1"}],"replies":[{"embeddable":true,"href":"https:\/\/meimm.uniurb.it\/index.php?rest_route=%2Fwp%2Fv2%2Fcomments&post=12"}],"version-history":[{"count":1,"href":"https:\/\/meimm.uniurb.it\/index.php?rest_route=\/wp\/v2\/pages\/12\/revisions"}],"predecessor-version":[{"id":275,"href":"https:\/\/meimm.uniurb.it\/index.php?rest_route=\/wp\/v2\/pages\/12\/revisions\/275"}],"wp:attachment":[{"href":"https:\/\/meimm.uniurb.it\/index.php?rest_route=%2Fwp%2Fv2%2Fmedia&parent=12"}],"curies":[{"name":"wp","href":"https:\/\/api.w.org\/{rel}","templated":true}]}}