{"id":131,"date":"2014-11-18T16:43:14","date_gmt":"2014-11-18T16:43:14","guid":{"rendered":"http:\/\/192.168.18.26\/meimm\/wp\/?page_id=131"},"modified":"2025-08-23T08:41:16","modified_gmt":"2025-08-23T08:41:16","slug":"collaboratori","status":"publish","type":"page","link":"https:\/\/meimm.uniurb.it\/?page_id=131","title":{"rendered":"Collaboratori"},"content":{"rendered":"<p><strong>Direttore<\/strong>:<\/p>\n<p>Prof. Francesca Declich, <em>Etnologa<\/em>, <em>Universit\u00e0 di Urbino<\/em><\/p>\n<p><strong>Collaborazioni<\/strong>:<\/p>\n<p>Prof. Armindo Atetela Ngunga, <em>Linguista, Centro di Studi Africani, UEM<\/em><\/p>\n<p>Silvia Cirillo, <em>Ricercatrice antropologa, Universit\u00e0 di Urbino<\/em><\/p>\n<p>Dr. Mohamed Saleh, <em>Soci\u00e9t\u00e9 des Africanistes<\/em><\/p>\n<p>Dr. Massimiliano Cricco, <em>Universit\u00e0 di Urbino, Storico delle relazioni internazionali,<\/em> webmaster<\/p>\n<p>Dr. Valeria Villari, <em>webmaster<\/em><\/p>\n<p>Celeste Taliani, <em>cineasta ed esperta di montaggio video-cinematorgrafia<\/em><\/p>\n<p>Emanuel Dionisio, Responsabile <em>ARPAC Lichinga (2007)<\/em><\/p>\n<p>Cubilas Messope, <em>Linguista<\/em>, Specialista in Yao<\/p>\n<p>Abdala Machude, <em>Linguista<\/em>, Specialista in Emakhwa<\/p>\n<p>Calawia Salimo, <em>Linguista<\/em>, Specialista in Kimwani<\/p>\n<p>Abdulcadre Essimela Abudo, <em>Interprete<\/em><\/p>\n<p>Domingane Alvarez, <em>Interprete ed assistente<\/em><\/p>\n","protected":false},"excerpt":{"rendered":"<p>Direttore: Prof. Francesca Declich, Etnologa, Universit\u00e0 di Urbino Collaborazioni: Prof. Armindo Atetela Ngunga, Linguista, Centro di Studi Africani, UEM Silvia Cirillo, Ricercatrice antropologa, Universit\u00e0 di Urbino Dr. Mohamed Saleh, Soci\u00e9t\u00e9 des Africanistes Dr. Massimiliano Cricco, Universit\u00e0 di Urbino, Storico delle relazioni internazionali, webmaster Dr. Valeria Villari, webmaster Celeste Taliani, cineasta ed esperta di montaggio video-cinematorgrafia [&hellip;]<\/p>\n","protected":false},"author":1,"featured_media":0,"parent":0,"menu_order":0,"comment_status":"closed","ping_status":"closed","template":"","meta":{"footnotes":""},"class_list":["post-131","page","type-page","status-publish","hentry"],"_links":{"self":[{"href":"https:\/\/meimm.uniurb.it\/index.php?rest_route=\/wp\/v2\/pages\/131","targetHints":{"allow":["GET"]}}],"collection":[{"href":"https:\/\/meimm.uniurb.it\/index.php?rest_route=\/wp\/v2\/pages"}],"about":[{"href":"https:\/\/meimm.uniurb.it\/index.php?rest_route=\/wp\/v2\/types\/page"}],"author":[{"embeddable":true,"href":"https:\/\/meimm.uniurb.it\/index.php?rest_route=\/wp\/v2\/users\/1"}],"replies":[{"embeddable":true,"href":"https:\/\/meimm.uniurb.it\/index.php?rest_route=%2Fwp%2Fv2%2Fcomments&post=131"}],"version-history":[{"count":2,"href":"https:\/\/meimm.uniurb.it\/index.php?rest_route=\/wp\/v2\/pages\/131\/revisions"}],"predecessor-version":[{"id":302,"href":"https:\/\/meimm.uniurb.it\/index.php?rest_route=\/wp\/v2\/pages\/131\/revisions\/302"}],"wp:attachment":[{"href":"https:\/\/meimm.uniurb.it\/index.php?rest_route=%2Fwp%2Fv2%2Fmedia&parent=131"}],"curies":[{"name":"wp","href":"https:\/\/api.w.org\/{rel}","templated":true}]}}