{"id":19,"date":"2013-01-31T18:36:38","date_gmt":"2013-01-31T18:36:38","guid":{"rendered":"http:\/\/192.168.18.26\/meimm\/wp\/?page_id=19"},"modified":"2021-06-20T11:00:36","modified_gmt":"2021-06-20T11:00:36","slug":"attivita","status":"publish","type":"page","link":"https:\/\/meimm.uniurb.it\/?page_id=19","title":{"rendered":"Attivit\u00e0 e diffusione dei risultati"},"content":{"rendered":"<p><strong>Saggi presentati a workshops<\/strong>:<\/p>\n<p>Maggio 2021, &#8220;Conceptualizing practices of care: the case of female domestic workers in Ethiopia and Tanzania&#8221;, presentato alla conferenza online\u00a0<em>The Social Life of Care<\/em> presso<em> CRASSH &#8211;<\/em> Centre for Research in the Arts, Social Sciences and Humanities, the University of Cambridge.<\/p>\n<p>Luglio 2020, \u201cMovement of girls into domestic work: the case of domestic workers in Ethiopia and Tanzania\u201d al convegno online dell\u2019<em>European Association of Social Anthropologists<\/em>\u00a0(EASA), Lisbona.<\/p>\n<p>Agosto 2019, \u201cMatriliny in between Christian and Muslims in Northern Mozambique: Some Reflections on Data from the Mid-Nineteenth Century\u201d, presentato al convegno &#8220;Customizing Sharia: Matrilineal Muslim and Islamic Law in the Indian Ocean Littoral\u201d tenutosi a New Delhi.<\/p>\n<p>Giugno 2019, \u201cNew forms of relatedness in the life of African female domestic workers\u201d, presentato al convegno della <em>European\u00a0Conference on African Studies<\/em> (ECAS) ad Edimburbo.<\/p>\n<p>Dicembre 2018, \u201cSlaves, Workers and Freed in Ninetheenth Century Querimbas Islands (Mozambique). Some Reflections\u201d, presentato al convegno annuale dell\u2019<em>African Studies Association<\/em> (ASA) ad Atlanta.<\/p>\n<p>Ottobre 2018, \u201cReflections on the construction of sexuality related to FGC. The case of Southern Somali descendants from slaves\u201d, presentato all\u2019incontro della rete FOKO in Svezia.<\/p>\n<p>Giugno 2018, relazione \u201cQuerimbas Island and servantry: telescoping memories\u201d, presentata al workshop specialistico sul tema <em>History and Politics of Belonging in African Indian Ocean Island Societies <\/em>tenutosi a Lipsia\/Halle.<\/p>\n<p>Novembre 2017, paper \u201cNineteenth Century Querimbas Islands. A Look from Population Records&#8221;, presentato al convegno annuale dell\u2019<em>African Studies Association<\/em> (ASA) a Chicago.<\/p>\n<p>Ottobre 2017, relazione \u201cReflex\u00f5es sobre din\u00e2micas sociais a partir de dados demogr\u00e1ficos das Ilhas Querimbas no s\u00e9culo XIX&#8221;, presentata al convegno <em>Escravid\u00e3o, tr\u00e1fico de escravos e a forma\u00e7\u00e3o de Mo\u00e7ambique<\/em> a Maputo.<\/p>\n<p>Giugno 2017, &#8220;Social dynamics of nineteenth century Querimbas Islands. A look at a record of population compiled in mid-nineteenth century for the Ilhas de Cabo Delgado&#8221;, presentato all&#8217;incontro biennale di Studi Lusofoni tenutosi ad Aracaj\u00f9, in Brasile.<\/p>\n<p>Ottobre 2016, &#8220;Servants and domestic slavery from the quintal. Memories from the Querimbas Islands in Mozambique&#8221; &#8211; Swahili Baraza, <em>School of Oriental and African Studies<\/em>, 29 ottobre, Londra.<\/p>\n<p>Settembre 2016, &#8220;Memorie tra domestici e schiavi dei <em>quintal<\/em> nelle isole Querimbas (Mozambico) &#8220;-\u00a0 Conferenza biennale dell&#8217;ASAI &#8211; <em>Associazione di studi sull&#8217;Africa Italiana<\/em>, Catania.<\/p>\n<p>Settembre 2016, &#8220;Codifying memories though films: slaves as forced migrants of the past&#8221;- <em>Conferenza biennale dell&#8217;ASAUK (African Studies Association of the UK)<\/em>, Cambridge.<\/p>\n<p>Febbraio 2015, &#8220;Migration, Women and Kinship Networks in the Western Indian Ocean: as Comparative Perspective&#8221; &#8211; Keynote paper della conferenza &#8220;<em>Places and belongings: gender and family relations in transnational space<\/em>&#8221; presso l&#8217;Instituto de Ciencias Sociais, Lisbona.<\/p>\n<p>Aprile 2014, <b>\u201c<\/b>Slave men marrying free women: the peculiar chance of slave men \u2018at home\u2019 in Northern Mozambique\u201d, paper presentato al workshop \u201c<em>Men at home. Authority, Domesticity, Sexuality and Household Production<\/em>\u201d.<\/p>\n<p>Aprile 2014, <strong data-rich-text-format-boundary=\"true\">\u201c<\/strong>Slave men and women: the peculiar chance of slave men \u2018at home\u2019 in Northern Mozambique&#8221;, workshop internazionale presso l&#8217;Universit\u00e0 degli Studi di Urbino Carlo Bo.<\/p>\n<p>Ottobre 2014, \u201cDefending, negotiating and trading: the watoro in southern Somalia\u201d, the SLAFCO Conference, Nairobi.<\/p>\n<p>Settembre 2014, &#8220;Migrazioni nell&#8217;Oceano Indiano Occidentale. Il caso degli Sharif e dei Baniana&#8221;<em>, <\/em>Biannual Conference of the Associazione Italiana degli Studi Africani.<\/p>\n<p>Novembre 2013, \u201c\u2019Local perspectives on the Muslim reformist trends in the Northern coast of Mozambique\u201d, AEGIS Thematic Workshop: \u2018Pirates, preachers and politics. Security, religion and networks along the African Indian Ocean coast&#8217;, Roskilde University.<\/p>\n<p>Novembre 2013, \u201c&#8217;The fact is that somebody is paid for it&#8217;. New reformist trends in the Northern coast of Mozambique&#8221;, AEGIS Thematic Workshop: \u2018Pirates, preachers and politics. Security, religion and networks along the African Indian Ocean coast&#8217;, Roskilde University.<\/p>\n<p>Ottobre 2013, \u201cCultural Cooperation: experiences of Ethnological\/Archeological Missions (Mozambique, Libya, Yemen and Jordan)\u201c, CUCS (University Coordination Cooperation to Development), Politecnico di Torino.<\/p>\n<p>Ottobre 2010, \u201cWomen\u2019s Muslim Practices and the Teaching of Islam in Kiswahili and Kimwani in Ibo Island and Pemba (Mozambique)&#8221;, <i>8th Swahili Workshop<\/i> held in Oxford.<\/p>\n<p>Settembre 2010, \u201cTransmission of Muslim practices and women&#8217;s agency among Mwani speakers in Ibo Island and Pemba (Mozambique)\u201d, <em>VIII Workshop Swahili\u00a0<\/em>held in Oxford.<\/p>\n<p>Maggio 2009, Evento <i>Africapolis<\/i> con mostra fotografica della missione, facolt\u00e0 di Scienze Politiche presso Universit\u00e0 degli Studi di Urbino Carlo Bo.<\/p>\n<p>Maggio 2009, \u201c\u2018A free woman could marry a slave because of hunger\u2019. Free, slaves and families along the coast of Northern Mozambique\u201d, presentato presso la conferenza <i>Tales of Slavery: Narratives of Slavery, the Slave Trade and Enslavement in Africa,\u00a0<\/i>Toronto.<\/p>\n<p>Novembre 2009, \u201cCultural traditions of Mozambique in Southern Somalia\u201d, <i>ASA conference<\/i>, New Orleans.<\/p>\n<p>Agosto 2007, &#8220;Tradi\u00e7\u00f5es culturais do Mo\u00e7ambique na Somalia meridional&#8221;, presentato in &#8220;Acta do Semin\u00e1rio sobre causas e consecu\u00e9ncias da escravatura de ontem e de hoje&#8221;, 21-22 Agosto, Ilha de Mo\u00e7ambique.<\/p>\n<p><strong>Partecipazione a convegni:<\/strong><\/p>\n<p>Giugno 2021, intervento alla tavola rotonda online &#8220;Quale ruolo della cooperazione per l&#8217;empowerment delle donne migranti lavoratrici domestiche&#8221;, organizzata in occasione della presentazione di una ricerca realizzata dal <em>CeSPI<\/em> (Centro di Studi di Politica Internazionale).<\/p>\n<p>Novembre 2020, intervento alla tavola rotonda <em>Gender and Islam in Africa<\/em>, durante il convegno online della <em>African Studies<\/em>\u00a0A<em>ssociation<\/em>.<\/p>\n<p>Giugno 2019, organizzazione di un panel al convegno della\u00a0<em>European\u00a0Conference on African Studies<\/em>\u00a0(ECAS) ad Edimburbo.<\/p>\n<p>Maggio 2019, intervento al Convegno della <em>Canadian Association of African Studies\u00a0<\/em>in Canada.<\/p>\n<p>Luglio 2019, intervento al convegno dell\u2019<em>Associazione degli Antropologi Iberoamericani<\/em>\u00a0tenutosi a Madrid.<\/p>\n<p>Novembre 2018, intervento alla riunione dell\u2019<em>American Anthropologist Association<\/em>\u00a0a San Jos\u00e8.<\/p>\n<p>Settembre 2018, intervento alla <em>X Confer\u00eancia Cient\u00edfica<\/em>\u00a0della\u00a0<em>Universidade Eduardo Modlane \u201cUEM Fortalecendo a investiga\u00e7\u00e3o e a extens\u00e3o para o desenvolvimento\u201d<\/em>, Maputo.<\/p>\n<p>Luglio 2018, intervento al convegno presso l\u2019Instituto de Ciencias Sociales (ICS) S<em>ubjectividades Escravas nos Mundos Ib\u00e9ricos (s\u00e9cs. XV-XX)<\/em>, Lisbona.<\/p>\n<p>Novembre\/Dicembre 2017, intervento alla riunione dell\u2019<em>American Anthropologist Association<\/em>\u00a0a Washington in qualit\u00e0 di rapporteur nell\u2019<em>Africanist Anthropologists Association<\/em>\u00a0(AfAA).<\/p>\n<p>Ottobre 2017, intervento al convegno <em>Escarvid\u00e3o, tr\u00e1fico de Escravos e a Forma\u00e7\u00e3o de Mo\u00e7ambique<\/em>, Maputo.<\/p>\n<p>Febbraio 2017, intervento al workshop internazionale specialistico dal titolo <em>Servants\u2019 Past, 16th to 20th Century,<\/em>\u00a0organizzato presso il Centre for the Study of Developing Societies, a Nova Deli, in India.<\/p>\n<p>Dicembre 2016, intervento al workshop internazionale a Lisbona sul tema <em>Gender Generations and Families in Transnational Space<\/em>, organizzato presso l\u2019Instituto de Ci\u00eancias Sociais di Lisbona in collaborazione con l\u2019Universit\u00e0 di Urbino e il CNR-ISSM.<\/p>\n<p>Novembre 2016, intervento al convegno annuale dell\u2019<em>African Studies Association<\/em>\u00a0tenutosi a Washington.<\/p>\n<p>Novembre 2014, intervento all\u2019evento \u201cIniziativa Italia Africa. Africa e Italia tra Cultura ed Etnologia\u201d, organizzato dal Ministero degli Affari Esteri a Villa Madama.<\/p>\n<p>Novembre 2014, intervento al convegno dell\u2019<em>American Anthropological Association\u00a0<\/em>a Washington.<\/p>\n<p>Ottobre 2014, intervento al convegno \u201cEsclavage en Afrique : Histoire, h\u00e9ritages et actualit\u00e9\u201d, Conferenza internazionale organizzata a Nairobi.<\/p>\n<p>Aprile 2014, workshop internazionale presso l\u2019Universit\u00e0 degli Studi di Urbino Carlo Bo per la preparazione di un numero tematico della rivista inglese (classe A storici)\u00a0<em>Gender and History\u00a0<\/em>sul tema \u201cMen at home. Authority, Domesticity, Sexuality and Household Production\u201d.<\/p>\n<p>Ottobre 2013, organizzazione del panel sulla <em>Cooperazione culturale e il patrimonio culturale<\/em> presso il convegno del CUCS (Coordinamento Universitario di Cooperazione allo Sviluppo).<\/p>\n<p>Ottobre 2013, intervento al convegno dell\u2019<em>African Studies Association\u00a0<\/em>a Baltimora, dove \u00e8 stato finalizzato il lavoro per la pubblicazione di un testo sui matrimoni forzati.<\/p>\n<p>Luglio 2013, La missione etnologica viene presentata a San Francisco, al Centro di Cultura Italiana nella mostra &#8220;L&#8217;Italia del Futuro&#8221;.<\/p>\n<p>Giugno 2013, intervento e co-organizzazione di un panel presso la Conferenza biennale della rete europea di studi africani (ECAS) tenutasi a Lisbona.<\/p>\n<p>Aprile 2013, La missione etnologica viene presentata a Tokyo, al Centro di Cultura Italiana nella mostra &#8220;L&#8217;Italia del Futuro&#8221;.<\/p>\n<p><strong>Documentari presentati a convegni:<\/strong><\/p>\n<p>Giugno 2018, \u201cDiventare Adulti in Esilio\u201d, presentato al convegno di\u00a0<em>Escapes<\/em>\u00a0a Milano.<\/p>\n<p>Luglio 2018, \u201cComing of Age in Exile\u201d, prodotto con contribuito della MEIMM, presentato in Somaliland al convegno di Studi Somali.<\/p>\n<p>Febbraio 2013, \u201cLa garanzia nascosta: identit\u00e0 e Gule wankulu tra Somalia e Mozambico\u201d, presentato presso la\u00a0<em>School of Oriental and African Studies<\/em>.<\/p>\n<p>Febbraio 2012, &#8220;Coming of Age in Exile&#8221;, proiettato all&#8217;Universit\u00e0 di\u00a0 Berkeley, Department of\u00a0 Anthropology and Center for African Studies.<\/p>\n<p>Novembre 2011, \u201cDiventare adulti in esilio\u201d, proiettato all\u2019Universit\u00e0 di Urbino.<\/p>\n<p>Novembre 2011, \u201cDiventare adulti in esilio\u201d, conferenza degli africanisti americani tenutasi a Washington.<\/p>\n<p>Giugno 2011, \u201cLa garanzia nascosta: identit\u00e0 e gule wankulu tra Somalia e Mozambico\u201d, presentato nel corso del\u00a0<em>Ciclo Internacional de video de investigaci\u00f3n: Patrimonio y memoria de la Esclavitud y el Tr\u00e1fico Esclavista<\/em>, Cartagena.<\/p>\n<p>Ottobre 2011, \u201cLa garanzia nascosta: identit\u00e0 e gule wankulu tra Somalia e Mozambico\u201d, presentato nel corso del\u00a0<em>Ciclo Internacional de video de investigaci\u00f3n: Patrimonio y memoria de la Esclavitud y el Tr\u00e1fico Esclavista<\/em>, Merida.<\/p>\n<p>Maggio 2010, \u201cLa garanzia nascosta: identit\u00e0 e gule wankulu tra Somalia e Mozambico\u201d, presentato al workshop su\u00a0<em>Migration and Memory<\/em>, University of Vienna.<\/p>\n<p>Maggio 2010, \u201cLa garanzia nascosta: identit\u00e0 e gule wankulu tra Somalia e Mozambico\u201d, presentato all\u2019evento\u00a0<em>Patrimonio y Memoria de la Esclavidud y el tr\u00e1fico Esclavista<\/em>\u00a0a Citt\u00e0 del Messico.<\/p>\n<p>Novembre 2010, \u201cLa garanzia nascosta: identit\u00e0 e gule wankulu tra Somalia e Mozambico\u201d, presentato presso il Centro di Studi Africani dell\u2019Universit\u00e0 di Berkeley.<\/p>\n<p>Settembre 2010, \u201cLa garanzia nascosta: identit\u00e0 e gule wankulu tra Somalia e Mozambico\u201d, presentato in Messico nel corso del\u00a0<em>VI Coloquio de African\u00edas<\/em>, M\u00e9xico, al Museo Nacional de Antropologia INAH.<\/p>\n<p>Maggio 2009, \u201cLa garanzia nascosta: identit\u00e0 e gule wankulu tra Somalia e Mozambico\u201d. Il documentario ha vinto la\u00a0<em>Seconda edizione del Video Research Festival\u00a0<\/em>presso il\u00a0<em>Mus\u00e9e du Quai de Branly\u00a0<\/em>a Parigi.<\/p>\n<p><strong>Prodotti audiovisivi:<\/strong><\/p>\n<p>Filmato documentario: &#8220;La garanzia nascosta: identit\u00e0 e danze Nyau tra Somalia e Mozambico&#8221; (18&#8242;, 2007). Versione in inglese, italiano e portoghese.<\/p>\n<p>Filmato documentario: &#8220;Diventare Adulti in esilio&#8221; (31&#8242;, 2011) Versione in Inglese e in italiano<\/p>\n","protected":false},"excerpt":{"rendered":"<p>Saggi presentati a workshops: Maggio 2021, &#8220;Conceptualizing practices of care: the case of female domestic workers in Ethiopia and Tanzania&#8221;, presentato alla conferenza online\u00a0The Social Life of Care presso CRASSH &#8211; Centre for Research in the Arts, Social Sciences and Humanities, the University of Cambridge. Luglio 2020, \u201cMovement of girls into domestic work: the case [&hellip;]<\/p>\n","protected":false},"author":1,"featured_media":0,"parent":0,"menu_order":2,"comment_status":"closed","ping_status":"closed","template":"","meta":{"footnotes":""},"class_list":["post-19","page","type-page","status-publish","hentry"],"_links":{"self":[{"href":"https:\/\/meimm.uniurb.it\/index.php?rest_route=\/wp\/v2\/pages\/19","targetHints":{"allow":["GET"]}}],"collection":[{"href":"https:\/\/meimm.uniurb.it\/index.php?rest_route=\/wp\/v2\/pages"}],"about":[{"href":"https:\/\/meimm.uniurb.it\/index.php?rest_route=\/wp\/v2\/types\/page"}],"author":[{"embeddable":true,"href":"https:\/\/meimm.uniurb.it\/index.php?rest_route=\/wp\/v2\/users\/1"}],"replies":[{"embeddable":true,"href":"https:\/\/meimm.uniurb.it\/index.php?rest_route=%2Fwp%2Fv2%2Fcomments&post=19"}],"version-history":[{"count":25,"href":"https:\/\/meimm.uniurb.it\/index.php?rest_route=\/wp\/v2\/pages\/19\/revisions"}],"predecessor-version":[{"id":243,"href":"https:\/\/meimm.uniurb.it\/index.php?rest_route=\/wp\/v2\/pages\/19\/revisions\/243"}],"wp:attachment":[{"href":"https:\/\/meimm.uniurb.it\/index.php?rest_route=%2Fwp%2Fv2%2Fmedia&parent=19"}],"curies":[{"name":"wp","href":"https:\/\/api.w.org\/{rel}","templated":true}]}}