{"id":32,"date":"2013-01-31T18:46:01","date_gmt":"2013-01-31T18:46:01","guid":{"rendered":"http:\/\/192.168.18.26\/meimm\/wp\/?page_id=32"},"modified":"2013-01-31T18:46:01","modified_gmt":"2013-01-31T18:46:01","slug":"seminari-e-workshop","status":"publish","type":"page","link":"https:\/\/meimm.uniurb.it\/?page_id=32","title":{"rendered":"Seminari e Workshop"},"content":{"rendered":"<p><b>2007<\/b><\/p>\n<p>Settimo seminario internazionale di cultura Swahili &#8211; <i>Past and present of Swahili trans-local connections within and between boundaries<\/i> &#8211; 11-13 maggio 2007, Universit\u00e0 di Urbino Carlo &#8216;Bo&#8217;, con il patrocinio di:<\/p>\n<p>&#8211; Ministero degli Affari Esteri italiano<br \/>\n&#8211; Istituto Italo-Africano<br \/>\n&#8211; Assessorato alla Cultura della Provincia di Pesaro e Urbino.<\/p>\n<p><a href=\"http:\/\/192.168.18.26\/meimm\/7thSwahili_workshop.pdf\" target=\"_blank\">Programma dell&#8217;evento (acrobat PDF)<\/a> &gt;&gt;&gt;<\/p>\n<p><img loading=\"lazy\" decoding=\"async\" class=\"alignnone size-full wp-image-35\" alt=\"convegno_swahili_02\" src=\"http:\/\/meimm.uniurb.it\/wp-content\/uploads\/2013\/01\/convegno_swahili_02-1.jpg\" width=\"400\" height=\"240\" srcset=\"https:\/\/meimm.uniurb.it\/wp-content\/uploads\/2013\/01\/convegno_swahili_02-1.jpg 400w, https:\/\/meimm.uniurb.it\/wp-content\/uploads\/2013\/01\/convegno_swahili_02-1-300x180.jpg 300w\" sizes=\"auto, (max-width: 400px) 100vw, 400px\" \/><\/p>\n<p><img loading=\"lazy\" decoding=\"async\" class=\"alignnone size-full wp-image-34\" alt=\"convegno_swahili_01\" src=\"http:\/\/meimm.uniurb.it\/wp-content\/uploads\/2013\/01\/convegno_swahili_01-1.jpg\" width=\"400\" height=\"240\" srcset=\"https:\/\/meimm.uniurb.it\/wp-content\/uploads\/2013\/01\/convegno_swahili_01-1.jpg 400w, https:\/\/meimm.uniurb.it\/wp-content\/uploads\/2013\/01\/convegno_swahili_01-1-300x180.jpg 300w\" sizes=\"auto, (max-width: 400px) 100vw, 400px\" \/><\/p>\n<hr \/>\n<p>Evento <i>Integrazione e tolleranza nella cultura Swahili dell&#8217;Africa dell&#8217;Est<\/i> &#8211; 10 maggio 2007, Pesaro, Sala Provinciale, Provincia di Pesaro e Urbino.<\/p>\n<p><a href=\"http:\/\/192.168.18.26\/meimm\/wp\/?attachment_id=37\" rel=\"attachment wp-att-37\"><img loading=\"lazy\" decoding=\"async\" class=\"alignnone size-full wp-image-37\" alt=\"Seminario_Swahili_in_Provin\" src=\"http:\/\/meimm.uniurb.it\/wp-content\/uploads\/2013\/01\/Seminario_Swahili_in_Provin-1.jpg\" width=\"257\" height=\"350\" srcset=\"https:\/\/meimm.uniurb.it\/wp-content\/uploads\/2013\/01\/Seminario_Swahili_in_Provin-1.jpg 257w, https:\/\/meimm.uniurb.it\/wp-content\/uploads\/2013\/01\/Seminario_Swahili_in_Provin-1-220x300.jpg 220w\" sizes=\"auto, (max-width: 257px) 100vw, 257px\" \/><\/a><\/p>\n<hr \/>\n<p style=\"text-align: justify;\">&#8220;Semin\u00e1rio sobre causas e consecu\u00eanc\u00edas da escravatura de ontem e de hoje&#8221;, 21-22 Agosto 2007, Ilha de Mo\u00e7ambique, gestito dall&#8217;ARPAC-Mo\u00e7ambique e la Universidade de la Reuni\u00e3o realizzato in concomitanza con l&#8217;inaugurazione del Giardino della Memoria all&#8217;Ilha de Mo\u00e7ambique.<\/p>\n<p style=\"text-align: justify;\"><a href=\"http:\/\/192.168.18.26\/meimm\/wp\/?attachment_id=41\" rel=\"attachment wp-att-41\"><img loading=\"lazy\" decoding=\"async\" class=\"alignnone size-full wp-image-41\" alt=\"Nome-seminario\" src=\"http:\/\/meimm.uniurb.it\/wp-content\/uploads\/2013\/01\/Nome-seminario1-1.jpg\" width=\"400\" height=\"90\" srcset=\"https:\/\/meimm.uniurb.it\/wp-content\/uploads\/2013\/01\/Nome-seminario1-1.jpg 400w, https:\/\/meimm.uniurb.it\/wp-content\/uploads\/2013\/01\/Nome-seminario1-1-300x68.jpg 300w\" sizes=\"auto, (max-width: 400px) 100vw, 400px\" \/><\/a><\/p>\n<p style=\"text-align: justify;\"><a href=\"http:\/\/192.168.18.26\/meimm\/wp\/?attachment_id=39\" rel=\"attachment wp-att-39\"><img loading=\"lazy\" decoding=\"async\" class=\"alignnone size-full wp-image-39\" alt=\"13a-Giardim_da_memoria\" src=\"http:\/\/meimm.uniurb.it\/wp-content\/uploads\/2013\/01\/13a-Giardim_da_memoria-1.jpg\" width=\"350\" height=\"200\" srcset=\"https:\/\/meimm.uniurb.it\/wp-content\/uploads\/2013\/01\/13a-Giardim_da_memoria-1.jpg 350w, https:\/\/meimm.uniurb.it\/wp-content\/uploads\/2013\/01\/13a-Giardim_da_memoria-1-300x171.jpg 300w\" sizes=\"auto, (max-width: 350px) 100vw, 350px\" \/><\/a><\/p>\n<p style=\"text-align: justify;\">\n","protected":false},"excerpt":{"rendered":"<p>2007 Settimo seminario internazionale di cultura Swahili &#8211; Past and present of Swahili trans-local connections within and between boundaries &#8211; 11-13 maggio 2007, Universit\u00e0 di Urbino Carlo &#8216;Bo&#8217;, con il patrocinio di: &#8211; Ministero degli Affari Esteri italiano &#8211; Istituto Italo-Africano &#8211; Assessorato alla Cultura della Provincia di Pesaro e Urbino. Programma dell&#8217;evento (acrobat PDF) [&hellip;]<\/p>\n","protected":false},"author":1,"featured_media":0,"parent":0,"menu_order":4,"comment_status":"closed","ping_status":"closed","template":"","meta":{"footnotes":""},"class_list":["post-32","page","type-page","status-publish","hentry"],"_links":{"self":[{"href":"https:\/\/meimm.uniurb.it\/index.php?rest_route=\/wp\/v2\/pages\/32","targetHints":{"allow":["GET"]}}],"collection":[{"href":"https:\/\/meimm.uniurb.it\/index.php?rest_route=\/wp\/v2\/pages"}],"about":[{"href":"https:\/\/meimm.uniurb.it\/index.php?rest_route=\/wp\/v2\/types\/page"}],"author":[{"embeddable":true,"href":"https:\/\/meimm.uniurb.it\/index.php?rest_route=\/wp\/v2\/users\/1"}],"replies":[{"embeddable":true,"href":"https:\/\/meimm.uniurb.it\/index.php?rest_route=%2Fwp%2Fv2%2Fcomments&post=32"}],"version-history":[{"count":0,"href":"https:\/\/meimm.uniurb.it\/index.php?rest_route=\/wp\/v2\/pages\/32\/revisions"}],"wp:attachment":[{"href":"https:\/\/meimm.uniurb.it\/index.php?rest_route=%2Fwp%2Fv2%2Fmedia&parent=32"}],"curies":[{"name":"wp","href":"https:\/\/api.w.org\/{rel}","templated":true}]}}