{"id":62,"date":"2013-01-22T07:49:38","date_gmt":"2013-01-22T07:49:38","guid":{"rendered":"http:\/\/192.168.18.26\/meimm\/wp\/?page_id=2"},"modified":"2021-12-29T15:58:21","modified_gmt":"2021-12-29T15:58:21","slug":"sample-page-2","status":"publish","type":"page","link":"https:\/\/meimm.uniurb.it\/","title":{"rendered":"Welcome Page"},"content":{"rendered":"<div id=\"attachment_9\" style=\"width: 490px\" class=\"wp-caption alignnone\"><img loading=\"lazy\" decoding=\"async\" aria-describedby=\"caption-attachment-9\" class=\"size-full wp-image-9\" alt=\"Nyau o Gule Wankulu, Angonia, Agosto 2007\" src=\"http:\/\/meimm.uniurb.it\/wp-content\/uploads\/2013\/01\/Home_page_imm-1.jpg\" width=\"480\" height=\"353\" srcset=\"https:\/\/meimm.uniurb.it\/wp-content\/uploads\/2013\/01\/Home_page_imm-1.jpg 480w, https:\/\/meimm.uniurb.it\/wp-content\/uploads\/2013\/01\/Home_page_imm-1-300x221.jpg 300w\" sizes=\"auto, (max-width: 480px) 100vw, 480px\" \/><p id=\"caption-attachment-9\" class=\"wp-caption-text\">Nyau o Gule Wankulu, Angonia, Agosto 2007<\/p><\/div>\n<p style=\"text-align: justify;\">Quale riconoscimento del suo grande valore storico e socioculturale l&#8217;UNESCO il 25 novembre del 2005 ha proclamato il Nyau (Gule Wankuku) Opera-Prima del Patrimonio Orale e Immateriale della Umanit\u00e0. A partire da questa data, la danza non \u00e8 solamente dei mozambicani, malawiani e zambiani, ma di tutta l&#8217;umanit\u00e0.<\/p>\n","protected":false},"excerpt":{"rendered":"<p>Quale riconoscimento del suo grande valore storico e socioculturale l&#8217;UNESCO il 25 novembre del 2005 ha proclamato il Nyau (Gule Wankuku) Opera-Prima del Patrimonio Orale e Immateriale della Umanit\u00e0. A partire da questa data, la danza non \u00e8 solamente dei mozambicani, malawiani e zambiani, ma di tutta l&#8217;umanit\u00e0.<\/p>\n","protected":false},"author":1,"featured_media":0,"parent":0,"menu_order":0,"comment_status":"closed","ping_status":"closed","template":"","meta":{"footnotes":""},"class_list":["post-62","page","type-page","status-publish","hentry"],"_links":{"self":[{"href":"https:\/\/meimm.uniurb.it\/index.php?rest_route=\/wp\/v2\/pages\/62","targetHints":{"allow":["GET"]}}],"collection":[{"href":"https:\/\/meimm.uniurb.it\/index.php?rest_route=\/wp\/v2\/pages"}],"about":[{"href":"https:\/\/meimm.uniurb.it\/index.php?rest_route=\/wp\/v2\/types\/page"}],"author":[{"embeddable":true,"href":"https:\/\/meimm.uniurb.it\/index.php?rest_route=\/wp\/v2\/users\/1"}],"replies":[{"embeddable":true,"href":"https:\/\/meimm.uniurb.it\/index.php?rest_route=%2Fwp%2Fv2%2Fcomments&post=62"}],"version-history":[{"count":1,"href":"https:\/\/meimm.uniurb.it\/index.php?rest_route=\/wp\/v2\/pages\/62\/revisions"}],"predecessor-version":[{"id":265,"href":"https:\/\/meimm.uniurb.it\/index.php?rest_route=\/wp\/v2\/pages\/62\/revisions\/265"}],"wp:attachment":[{"href":"https:\/\/meimm.uniurb.it\/index.php?rest_route=%2Fwp%2Fv2%2Fmedia&parent=62"}],"curies":[{"name":"wp","href":"https:\/\/api.w.org\/{rel}","templated":true}]}}